{"id":38059,"date":"2022-01-04T12:38:05","date_gmt":"2022-01-04T11:38:05","guid":{"rendered":"https:\/\/ub-blog.meduniwien.ac.at\/blog\/?page_id=38059"},"modified":"2024-07-18T11:36:25","modified_gmt":"2024-07-18T10:36:25","slug":"bio-bibliografisches-lexikon-liste-der-van-swieten-blog-beitraege-3","status":"publish","type":"page","link":"https:\/\/ub.meduniwien.ac.at\/blog\/?page_id=38059","title":{"rendered":"Infos zum BBL"},"content":{"rendered":"<p class=\"bodytext\"><a href=\"https:\/\/ub-blog.meduniwien.ac.at\/blog\/wp-content\/uploads\/2024\/07\/LogoBBL082024_M.jpg\"><img loading=\"lazy\" decoding=\"async\" class=\"alignnone size-full wp-image-44666\" src=\"https:\/\/ub-blog.meduniwien.ac.at\/blog\/wp-content\/uploads\/2024\/07\/LogoBBL082024_M.jpg\" alt=\"\" width=\"1960\" height=\"597\" srcset=\"https:\/\/ub.meduniwien.ac.at\/blog\/wp-content\/uploads\/2024\/07\/LogoBBL082024_M.jpg 1960w, https:\/\/ub.meduniwien.ac.at\/blog\/wp-content\/uploads\/2024\/07\/LogoBBL082024_M-300x91.jpg 300w, https:\/\/ub.meduniwien.ac.at\/blog\/wp-content\/uploads\/2024\/07\/LogoBBL082024_M-800x244.jpg 800w, https:\/\/ub.meduniwien.ac.at\/blog\/wp-content\/uploads\/2024\/07\/LogoBBL082024_M-768x234.jpg 768w, https:\/\/ub.meduniwien.ac.at\/blog\/wp-content\/uploads\/2024\/07\/LogoBBL082024_M-1536x468.jpg 1536w\" sizes=\"auto, (max-width: 1960px) 100vw, 1960px\" \/><\/a><\/p>\n<p>Im Biobibliografisches Lexikon (BBL) der Universit\u00e4tsbibliothek der MedUni Wien sind alle seit Oktober 2016 publizierten Beitr\u00e4ge unter dem Titel \u201eAus den medizinhistorischen Best\u00e4nden der Ub MedUni Wien [1-ff]\u201c verzeichnet;<br \/>\nEin <a href=\"https:\/\/ub-blog.meduniwien.ac.at\/blog\/?page_id=38065\">alphabetisches Personenverzeichnis<\/a> steht <a href=\"https:\/\/ub-blog.meduniwien.ac.at\/blog\/?page_id=38065\">&#8211;&gt;<\/a> <a href=\"https:\/\/ub-blog.meduniwien.ac.at\/blog\/?page_id=38065\">zur Verf\u00fcgung.<\/a><\/p>\n<p>Die BBL-Beitr\u00e4ge bieten gr\u00fcndliche und ausf\u00fchrliche medizinhistorische Aufarbeitung und Erfassung der Autor:innen der Wiener Medizinischen Schulen (1800 bis 1938) und deren biobibliografische Rekonstruktion. Sie erfassen und berichtigen viele personenbezogenen Daten und Herkunftsbezeichnungen. Die Aufarbeitung schlie\u00dft Identifizierung von Provenienzmerkmalen (Exlibris, Stempeln, handschriftlichen Vermerken u.a.) und Tiefenanalyse (Herkunft von Bibliotheksbest\u00e4nden) mit ein.<\/p>\n<p>Der Van Swieten Blog der Universit\u00e4tsbibliothek beruhend auf dem Content Management System WordPress bietet einen kostenlosen Vollzugriff auf alle BBL-Beitr\u00e4ge weltweit.<\/p>\n<p><strong>Jeder BBL-Beitrag kann im Van Swieten Blog gefunden werden \u00fcber<\/strong><\/p>\n<ul>\n<li>Suche (Volltextsuche)<\/li>\n<li>Kategorien<\/li>\n<li>Schlagw\u00f6rter\/Stichw\u00f6rter<\/li>\n<li>BBL-ID<\/li>\n<li>Archiv<\/li>\n<\/ul>\n<p><strong>In jedem BBL-Beitrag sind enthalten<\/strong><\/p>\n<ul>\n<li>Titel (Name, Beruf, ggf. Wirkungsort, Institution)<\/li>\n<li>Biografie<\/li>\n<li>Quellen&nbsp;<\/li>\n<li>Bibliographie&nbsp;<\/li>\n<li>Werke&nbsp;inkl. Verlinkungen (Bibliothekskataloge\/Visual Library Volltext)<\/li>\n<li>Medizinhistorische Bibliothek<\/li>\n<li>Literatur<\/li>\n<li>weitere Erg\u00e4nzungen: ggf.<br \/>\nAbbildungen, Verlinkungen zu Institutionen, Plattformen, LexikaKommentare<\/li>\n<\/ul>\n<ul>\n<li>Verlinkungen innerhalb des BBL<\/li>\n<li>BBL-ID (Nummer)<\/li>\n<li>URL enth\u00e4lt BBL-ID (https:\/\/ub-blog.meduniwien.ac.at\/blog\/?p=id)<\/li>\n<li>Gemeinsame Normdatei (GND)<\/li>\n<li>Schlagw\u00f6rter\/Stichw\u00f6rter<\/li>\n<li>Kategorien (u.a. Van Swieten Blog Kategorie: <a href=\"https:\/\/ub-blog.meduniwien.ac.at\/blog\/?cat=2911\">Biobibliografisches Lexikon<\/a>)<\/li>\n<li>Views<\/li>\n<li>Angaben f\u00fcr das Zitieren:<br \/>\nVAN SWIETEN BLOG der Universit\u00e4tsbibliothek der Medizinischen Universit\u00e4t Wien, Publikationsdatum,&nbsp;&nbsp;&nbsp; Online unter der URL<\/li>\n<\/ul>\n<ul>\n<li>letzte Aktualisierung (Korrekturen und Erg\u00e4nzungen)<\/li>\n<li>Autor des BBL-Beitrags<\/li>\n<\/ul>\n<p>Die BBL-ID der Personen des <a href=\"https:\/\/ub.meduniwien.ac.at\/zweigbibliotheken\/zweigbibliothek-fuer-geschichte-der-medizin\/medizinhistorische-bibliotheken\/biobibliografisches-lexikon\/\">Biobibliografisches Lexikons<\/a> der UB wird \u00fcber den Blogbeitrag (Permalink) generiert.<\/p>\n<p>Jede Person ist \u00fcber den Identifikator (BBL-ID) eindeutig identifizierbar, was f\u00fcr die Normdaten einer Person von Bedeutung ist.<\/p>\n<p>Normdaten erleichtern die Erschlie\u00dfung, bieten eindeutige Sucheinstiege und vernetzen unterschiedliche Informationsressourcen.<\/p>\n<p>Die Permalinks des Van Swieten Blogs sind in internationalen Internetplattformen wie Wikipedia, Austria Forum, Wikiwien, Dewiki, Wikiedu, Thereaderwiki, iaekm.org verlinkt und in B\u00fcchern und Zeitschriften zitiert.<\/p>\n<p>Das BBL wurde bereits von vielen Interessierten weltweit aufgrund des guten Google Rankings gefunden.<\/p>\n","protected":false},"excerpt":{"rendered":"<p>Im Biobibliografisches Lexikon (BBL) der Universit\u00e4tsbibliothek der MedUni Wien sind alle seit Oktober 2016 publizierten Beitr\u00e4ge unter dem Titel \u201eAus den medizinhistorischen Best\u00e4nden der Ub MedUni Wien [1-ff]\u201c verzeichnet; Ein alphabetisches Personenverzeichnis steht &#8211;&gt; zur Verf\u00fcgung. Die BBL-Beitr\u00e4ge bieten gr\u00fcndliche und ausf\u00fchrliche medizinhistorische Aufarbeitung und Erfassung der Autor:innen der Wiener Medizinischen Schulen (1800 bis 1938) &hellip; <a href=\"https:\/\/ub.meduniwien.ac.at\/blog\/?page_id=38059\" class=\"more-link\"><span class=\"screen-reader-text\">Infos zum BBL<\/span> weiterlesen <span class=\"meta-nav\">&rarr;<\/span><\/a><\/p>\n","protected":false},"author":2,"featured_media":0,"parent":0,"menu_order":0,"comment_status":"closed","ping_status":"closed","template":"","meta":{"ngg_post_thumbnail":0,"footnotes":""},"class_list":["post-38059","page","type-page","status-publish","hentry"],"_links":{"self":[{"href":"https:\/\/ub.meduniwien.ac.at\/blog\/index.php?rest_route=\/wp\/v2\/pages\/38059","targetHints":{"allow":["GET"]}}],"collection":[{"href":"https:\/\/ub.meduniwien.ac.at\/blog\/index.php?rest_route=\/wp\/v2\/pages"}],"about":[{"href":"https:\/\/ub.meduniwien.ac.at\/blog\/index.php?rest_route=\/wp\/v2\/types\/page"}],"author":[{"embeddable":true,"href":"https:\/\/ub.meduniwien.ac.at\/blog\/index.php?rest_route=\/wp\/v2\/users\/2"}],"replies":[{"embeddable":true,"href":"https:\/\/ub.meduniwien.ac.at\/blog\/index.php?rest_route=%2Fwp%2Fv2%2Fcomments&post=38059"}],"version-history":[{"count":14,"href":"https:\/\/ub.meduniwien.ac.at\/blog\/index.php?rest_route=\/wp\/v2\/pages\/38059\/revisions"}],"predecessor-version":[{"id":44669,"href":"https:\/\/ub.meduniwien.ac.at\/blog\/index.php?rest_route=\/wp\/v2\/pages\/38059\/revisions\/44669"}],"wp:attachment":[{"href":"https:\/\/ub.meduniwien.ac.at\/blog\/index.php?rest_route=%2Fwp%2Fv2%2Fmedia&parent=38059"}],"curies":[{"name":"wp","href":"https:\/\/api.w.org\/{rel}","templated":true}]}}